{"id":12,"date":"2019-06-19T22:56:45","date_gmt":"2019-06-19T20:56:45","guid":{"rendered":"http:\/\/www.cnvl.fr\/?page_id=12"},"modified":"2024-07-16T23:30:22","modified_gmt":"2024-07-16T21:30:22","slug":"le-club","status":"publish","type":"page","link":"https:\/\/www.cnvl.fr\/","title":{"rendered":"Le Cercle des Nageurs de Villefranche de Lauragais"},"content":{"rendered":"\n<p class=\"has-text-align-right\">Le CNVL (Cercle des nageurs de Villefranche de Lauragais) est une association sportive r\u00e9gie par la loi du 1er Juillet 1901 ayant pour but la pratique et la promotion de la natation sportive et de comp\u00e9tition. <\/p>\n\n\n\n<p class=\"has-text-align-right\">L&rsquo;association est n\u00e9e en Juin 2012 et permet aux habitants de Villefranche de lauragais et des communes voisines (Nailloux, Gardouche, Villenouvelle, &#8230;) de pratiquer plusieurs disciplines aquatiques (Natation course, Natation artistique et Nage en eau libre).<\/p>\n\n\n\n<div class=\"wp-block-media-text alignwide has-media-on-the-right is-stacked-on-mobile\" style=\"grid-template-columns:auto 33%\"><div class=\"wp-block-media-text__content\">\n<p class=\"has-text-align-left\">Le Cercle des Nageurs de Villefranche de Lauragais propose une section de natation sportive ouverte aux nageurs n\u00e9s en 2008 et avant. Les nageurs peuvent venir s&rsquo;entra\u00eener de 2 \u00e0 4 fois par semaine. <\/p>\n\n\n\n<p class=\"has-text-align-left\">Les jeunes ainsi que les adultes le souhaitant peuvent participer aux comp\u00e9titions de natation propos\u00e9es par la FFN \u00e0 la fois au niveau d\u00e9partemental (haute garonne) et r\u00e9gional (occitanie) .<\/p>\n<\/div><figure class=\"wp-block-media-text__media\"><img loading=\"lazy\" decoding=\"async\" width=\"300\" height=\"300\" src=\"http:\/\/cnvl.fr\/wp-content\/uploads\/2019\/06\/natation_sportive-300x300-1.png\" alt=\"\" class=\"wp-image-727 size-full\" srcset=\"https:\/\/www.cnvl.fr\/wp-content\/uploads\/2019\/06\/natation_sportive-300x300-1.png 300w, https:\/\/www.cnvl.fr\/wp-content\/uploads\/2019\/06\/natation_sportive-300x300-1-150x150.png 150w\" sizes=\"auto, (max-width: 300px) 100vw, 300px\" \/><\/figure><\/div>\n\n\n\n<div class=\"wp-block-media-text alignwide is-stacked-on-mobile\" style=\"grid-template-columns:33% auto\"><figure class=\"wp-block-media-text__media\"><img loading=\"lazy\" decoding=\"async\" width=\"300\" height=\"300\" src=\"http:\/\/cnvl.fr\/wp-content\/uploads\/2024\/07\/natation_artistique-300x300-1.png\" alt=\"\" class=\"wp-image-723 size-full\" srcset=\"https:\/\/www.cnvl.fr\/wp-content\/uploads\/2024\/07\/natation_artistique-300x300-1.png 300w, https:\/\/www.cnvl.fr\/wp-content\/uploads\/2024\/07\/natation_artistique-300x300-1-150x150.png 150w\" sizes=\"auto, (max-width: 300px) 100vw, 300px\" \/><\/figure><div class=\"wp-block-media-text__content\">\n<p class=\"has-text-align-right\">Depuis la saison 2017\/2018 une section de <a href=\"https:\/\/www.cnvl.fr\/la-natation-artistique-au-cnvl\/\">natation artistique<\/a> a \u00e9t\u00e9 ouverte. Elle permet de d\u00e9couvrir cette discipline dans un objectif de loisir. Le Cercle des Nageurs de Villefranche de Lauragais propose depuis l&rsquo;ouverture de cette section un gala en fin d&rsquo;ann\u00e9e qui permet aux nageuses de la section de pr\u00e9senter leur travail au public ainsi qu&rsquo;\u00e0 leur proches.<\/p>\n<\/div><\/div>\n\n\n\n<div class=\"wp-block-media-text alignwide has-media-on-the-right is-stacked-on-mobile\" style=\"grid-template-columns:auto 37%\"><div class=\"wp-block-media-text__content\">\n<p class=\"has-text-align-right\">Le Cercle des Nageurs de Villefranche de Lauragais a \u00e9galement la volont\u00e9 de promouvoir la pratique de la <a href=\"https:\/\/www.cnvl.fr\/la-nage-en-eau-libre-au-cercle-des-nageurs-de-villefranche-de-lauragais\/\">nage en eau libre<\/a>. Une communaut\u00e9 de pratiquants issus de l&rsquo;association se regroupe de mani\u00e8re autonome r\u00e9guli\u00e8rement au Lac de la Thesauque afin pratiquer ensemble cette discipline. Les adh\u00e9rents du club participent r\u00e9guli\u00e8rement \u00e0 des \u00e9preuves de nage en eau libre en France est en Espagne. <a href=\"http:\/\/www.eaulibrelauragais.com\">Pour plus d&rsquo;informations, vous pouvez acc\u00e9der au site d\u00e9di\u00e9 \u00e0 cette pratique<\/a>. <\/p>\n<\/div><figure class=\"wp-block-media-text__media\"><img loading=\"lazy\" decoding=\"async\" width=\"300\" height=\"300\" src=\"http:\/\/cnvl.fr\/wp-content\/uploads\/2024\/07\/nage_eau_libre-300x300-1.png\" alt=\"\" class=\"wp-image-725 size-full\" srcset=\"https:\/\/www.cnvl.fr\/wp-content\/uploads\/2024\/07\/nage_eau_libre-300x300-1.png 300w, https:\/\/www.cnvl.fr\/wp-content\/uploads\/2024\/07\/nage_eau_libre-300x300-1-150x150.png 150w\" sizes=\"auto, (max-width: 300px) 100vw, 300px\" \/><\/figure><\/div>\n","protected":false},"excerpt":{"rendered":"<p>Le CNVL (Cercle des nageurs de Villefranche de Lauragais) est une association sportive r\u00e9gie par la loi du 1er Juillet [&hellip;]<\/p>\n","protected":false},"author":1,"featured_media":0,"parent":0,"menu_order":0,"comment_status":"closed","ping_status":"closed","template":"","meta":{"site-sidebar-layout":"default","site-content-layout":"default","ast-site-content-layout":"","site-content-style":"default","site-sidebar-style":"default","ast-global-header-display":"","ast-banner-title-visibility":"","ast-main-header-display":"","ast-hfb-above-header-display":"","ast-hfb-below-header-display":"","ast-hfb-mobile-header-display":"","site-post-title":"","ast-breadcrumbs-content":"","ast-featured-img":"","footer-sml-layout":"","theme-transparent-header-meta":"default","adv-header-id-meta":"","stick-header-meta":"","header-above-stick-meta":"","header-main-stick-meta":"","header-below-stick-meta":"","astra-migrate-meta-layouts":"default","ast-page-background-enabled":"default","ast-page-background-meta":{"desktop":{"background-color":"var(--ast-global-color-4)","background-image":"","background-repeat":"repeat","background-position":"center center","background-size":"auto","background-attachment":"scroll","background-type":"","background-media":"","overlay-type":"","overlay-color":"","overlay-opacity":"","overlay-gradient":""},"tablet":{"background-color":"","background-image":"","background-repeat":"repeat","background-position":"center center","background-size":"auto","background-attachment":"scroll","background-type":"","background-media":"","overlay-type":"","overlay-color":"","overlay-opacity":"","overlay-gradient":""},"mobile":{"background-color":"","background-image":"","background-repeat":"repeat","background-position":"center center","background-size":"auto","background-attachment":"scroll","background-type":"","background-media":"","overlay-type":"","overlay-color":"","overlay-opacity":"","overlay-gradient":""}},"ast-content-background-meta":{"desktop":{"background-color":"var(--ast-global-color-5)","background-image":"","background-repeat":"repeat","background-position":"center center","background-size":"auto","background-attachment":"scroll","background-type":"","background-media":"","overlay-type":"","overlay-color":"","overlay-opacity":"","overlay-gradient":""},"tablet":{"background-color":"var(--ast-global-color-5)","background-image":"","background-repeat":"repeat","background-position":"center center","background-size":"auto","background-attachment":"scroll","background-type":"","background-media":"","overlay-type":"","overlay-color":"","overlay-opacity":"","overlay-gradient":""},"mobile":{"background-color":"var(--ast-global-color-5)","background-image":"","background-repeat":"repeat","background-position":"center center","background-size":"auto","background-attachment":"scroll","background-type":"","background-media":"","overlay-type":"","overlay-color":"","overlay-opacity":"","overlay-gradient":""}},"footnotes":""},"class_list":["post-12","page","type-page","status-publish","hentry"],"_links":{"self":[{"href":"https:\/\/www.cnvl.fr\/index.php?rest_route=\/wp\/v2\/pages\/12","targetHints":{"allow":["GET"]}}],"collection":[{"href":"https:\/\/www.cnvl.fr\/index.php?rest_route=\/wp\/v2\/pages"}],"about":[{"href":"https:\/\/www.cnvl.fr\/index.php?rest_route=\/wp\/v2\/types\/page"}],"author":[{"embeddable":true,"href":"https:\/\/www.cnvl.fr\/index.php?rest_route=\/wp\/v2\/users\/1"}],"replies":[{"embeddable":true,"href":"https:\/\/www.cnvl.fr\/index.php?rest_route=%2Fwp%2Fv2%2Fcomments&post=12"}],"version-history":[{"count":3,"href":"https:\/\/www.cnvl.fr\/index.php?rest_route=\/wp\/v2\/pages\/12\/revisions"}],"predecessor-version":[{"id":729,"href":"https:\/\/www.cnvl.fr\/index.php?rest_route=\/wp\/v2\/pages\/12\/revisions\/729"}],"wp:attachment":[{"href":"https:\/\/www.cnvl.fr\/index.php?rest_route=%2Fwp%2Fv2%2Fmedia&parent=12"}],"curies":[{"name":"wp","href":"https:\/\/api.w.org\/{rel}","templated":true}]}}