{"id":134,"date":"2019-06-27T22:51:31","date_gmt":"2019-06-27T20:51:31","guid":{"rendered":"https:\/\/www.cnvl.fr\/?page_id=134"},"modified":"2019-06-27T22:51:31","modified_gmt":"2019-06-27T20:51:31","slug":"archives","status":"publish","type":"page","link":"https:\/\/www.cnvl.fr\/?page_id=134","title":{"rendered":"Archive des articles du Cercle des Nageurs de Villefranche de Lauragais"},"content":{"rendered":"\n<p>Cette page permet d&rsquo;acc\u00e9der \u00e0 l&rsquo;ensemble des articles du CNVL<\/p>\n\n\n<form role=\"search\" method=\"get\" action=\"https:\/\/www.cnvl.fr\/\" class=\"wp-block-search__button-outside wp-block-search__text-button wp-block-search\"    ><label class=\"wp-block-search__label\" for=\"wp-block-search__input-1\" >Rechercher<\/label><div class=\"wp-block-search__inside-wrapper\" ><input class=\"wp-block-search__input\" id=\"wp-block-search__input-1\" placeholder=\"\" value=\"\" type=\"search\" name=\"s\" required \/><button aria-label=\"Rechercher\" class=\"wp-block-search__button wp-element-button\" type=\"submit\" >Rechercher<\/button><\/div><\/form>\n\n\n<h2 class=\"wp-block-heading\">Historique par date de publication<\/h2>\n\n\n<ul class=\"wp-block-archives-list wp-block-archives\">\t<li><a href='https:\/\/www.cnvl.fr\/?m=202509'>septembre 2025<\/a><\/li>\n\t<li><a href='https:\/\/www.cnvl.fr\/?m=202409'>septembre 2024<\/a><\/li>\n\t<li><a href='https:\/\/www.cnvl.fr\/?m=202408'>ao\u00fbt 2024<\/a><\/li>\n\t<li><a href='https:\/\/www.cnvl.fr\/?m=202209'>septembre 2022<\/a><\/li>\n\t<li><a href='https:\/\/www.cnvl.fr\/?m=202206'>juin 2022<\/a><\/li>\n\t<li><a href='https:\/\/www.cnvl.fr\/?m=202108'>ao\u00fbt 2021<\/a><\/li>\n\t<li><a href='https:\/\/www.cnvl.fr\/?m=202009'>septembre 2020<\/a><\/li>\n\t<li><a href='https:\/\/www.cnvl.fr\/?m=202008'>ao\u00fbt 2020<\/a><\/li>\n\t<li><a href='https:\/\/www.cnvl.fr\/?m=202007'>juillet 2020<\/a><\/li>\n\t<li><a href='https:\/\/www.cnvl.fr\/?m=201911'>novembre 2019<\/a><\/li>\n\t<li><a href='https:\/\/www.cnvl.fr\/?m=201910'>octobre 2019<\/a><\/li>\n\t<li><a href='https:\/\/www.cnvl.fr\/?m=201909'>septembre 2019<\/a><\/li>\n\t<li><a href='https:\/\/www.cnvl.fr\/?m=201908'>ao\u00fbt 2019<\/a><\/li>\n\t<li><a href='https:\/\/www.cnvl.fr\/?m=201906'>juin 2019<\/a><\/li>\n<\/ul>\n\n\n<h2 class=\"wp-block-heading\">Historique par cat\u00e9gorie d&rsquo;article<\/h2>\n\n\n<ul class=\"wp-block-categories-list wp-block-categories\">\t<li class=\"cat-item cat-item-2\"><a href=\"https:\/\/www.cnvl.fr\/?cat=2\">competition<\/a>\n<\/li>\n\t<li class=\"cat-item cat-item-3\"><a href=\"https:\/\/www.cnvl.fr\/?cat=3\">\u00e9venement<\/a>\n<\/li>\n\t<li class=\"cat-item cat-item-1\"><a href=\"https:\/\/www.cnvl.fr\/?cat=1\">Non class\u00e9<\/a>\n<\/li>\n\t<li class=\"cat-item cat-item-4\"><a href=\"https:\/\/www.cnvl.fr\/?cat=4\">vie du club<\/a>\n<\/li>\n<\/ul>","protected":false},"excerpt":{"rendered":"<p>Cette page permet d&rsquo;acc\u00e9der \u00e0 l&rsquo;ensemble des articles du CNVL Historique par date de publication Historique par cat\u00e9gorie d&rsquo;article<\/p>\n","protected":false},"author":1,"featured_media":0,"parent":0,"menu_order":0,"comment_status":"closed","ping_status":"closed","template":"","meta":{"site-sidebar-layout":"default","site-content-layout":"default","ast-site-content-layout":"","site-content-style":"default","site-sidebar-style":"default","ast-global-header-display":"","ast-banner-title-visibility":"","ast-main-header-display":"","ast-hfb-above-header-display":"","ast-hfb-below-header-display":"","ast-hfb-mobile-header-display":"","site-post-title":"","ast-breadcrumbs-content":"","ast-featured-img":"","footer-sml-layout":"","theme-transparent-header-meta":"default","adv-header-id-meta":"","stick-header-meta":"","header-above-stick-meta":"","header-main-stick-meta":"","header-below-stick-meta":"","astra-migrate-meta-layouts":"default","ast-page-background-enabled":"default","ast-page-background-meta":{"desktop":{"background-color":"var(--ast-global-color-4)","background-image":"","background-repeat":"repeat","background-position":"center center","background-size":"auto","background-attachment":"scroll","background-type":"","background-media":"","overlay-type":"","overlay-color":"","overlay-opacity":"","overlay-gradient":""},"tablet":{"background-color":"","background-image":"","background-repeat":"repeat","background-position":"center center","background-size":"auto","background-attachment":"scroll","background-type":"","background-media":"","overlay-type":"","overlay-color":"","overlay-opacity":"","overlay-gradient":""},"mobile":{"background-color":"","background-image":"","background-repeat":"repeat","background-position":"center center","background-size":"auto","background-attachment":"scroll","background-type":"","background-media":"","overlay-type":"","overlay-color":"","overlay-opacity":"","overlay-gradient":""}},"ast-content-background-meta":{"desktop":{"background-color":"var(--ast-global-color-5)","background-image":"","background-repeat":"repeat","background-position":"center center","background-size":"auto","background-attachment":"scroll","background-type":"","background-media":"","overlay-type":"","overlay-color":"","overlay-opacity":"","overlay-gradient":""},"tablet":{"background-color":"var(--ast-global-color-5)","background-image":"","background-repeat":"repeat","background-position":"center center","background-size":"auto","background-attachment":"scroll","background-type":"","background-media":"","overlay-type":"","overlay-color":"","overlay-opacity":"","overlay-gradient":""},"mobile":{"background-color":"var(--ast-global-color-5)","background-image":"","background-repeat":"repeat","background-position":"center center","background-size":"auto","background-attachment":"scroll","background-type":"","background-media":"","overlay-type":"","overlay-color":"","overlay-opacity":"","overlay-gradient":""}},"footnotes":""},"class_list":["post-134","page","type-page","status-publish","hentry"],"_links":{"self":[{"href":"https:\/\/www.cnvl.fr\/index.php?rest_route=\/wp\/v2\/pages\/134","targetHints":{"allow":["GET"]}}],"collection":[{"href":"https:\/\/www.cnvl.fr\/index.php?rest_route=\/wp\/v2\/pages"}],"about":[{"href":"https:\/\/www.cnvl.fr\/index.php?rest_route=\/wp\/v2\/types\/page"}],"author":[{"embeddable":true,"href":"https:\/\/www.cnvl.fr\/index.php?rest_route=\/wp\/v2\/users\/1"}],"replies":[{"embeddable":true,"href":"https:\/\/www.cnvl.fr\/index.php?rest_route=%2Fwp%2Fv2%2Fcomments&post=134"}],"version-history":[{"count":0,"href":"https:\/\/www.cnvl.fr\/index.php?rest_route=\/wp\/v2\/pages\/134\/revisions"}],"wp:attachment":[{"href":"https:\/\/www.cnvl.fr\/index.php?rest_route=%2Fwp%2Fv2%2Fmedia&parent=134"}],"curies":[{"name":"wp","href":"https:\/\/api.w.org\/{rel}","templated":true}]}}