{"id":141,"date":"2019-06-27T23:07:56","date_gmt":"2019-06-27T21:07:56","guid":{"rendered":"https:\/\/www.cnvl.fr\/?page_id=141"},"modified":"2019-06-27T23:07:56","modified_gmt":"2019-06-27T21:07:56","slug":"la-nage-en-eau-libre-au-cercle-des-nageurs-de-villefranche-de-lauragais","status":"publish","type":"page","link":"https:\/\/www.cnvl.fr\/?page_id=141","title":{"rendered":"La nage en eau libre au Cercle des Nageurs de Villefranche de lauragais"},"content":{"rendered":"\n<div class=\"wp-block-image\"><figure class=\"alignright is-resized\"><img loading=\"lazy\" decoding=\"async\" src=\"https:\/\/www.cnvl.fr\/wp-content\/uploads\/2019\/06\/nage_eau_libre-1024x1024.png\" alt=\"\" class=\"wp-image-64\" width=\"234\" height=\"234\"\/><\/figure><\/div>\n\n\n\n<p>Le Cercle des Nageurs de Villefranche de Lauragais a \u00e9galement la  volont\u00e9 de promouvoir la pratique de la nage en eau libre. Une  communaut\u00e9 de pratiquants issus de l\u2019association se regroupe de mani\u00e8re  autonome r\u00e9guli\u00e8rement au Lac de la Thesauque afin pratiquer ensemble  cette discipline. Les adh\u00e9rents du club participent r\u00e9guli\u00e8rement \u00e0 des  \u00e9preuves de nage en eau libre en France est en Espagne. <a href=\"http:\/\/www.eaulibrelauragais.com\">Pour plus d\u2019informations, vous pouvez acc\u00e9der au site d\u00e9di\u00e9 \u00e0 cette pratique<\/a>. <\/p>\n","protected":false},"excerpt":{"rendered":"<p>Le Cercle des Nageurs de Villefranche de Lauragais a \u00e9galement la volont\u00e9 de promouvoir la pratique de la nage en [&hellip;]<\/p>\n","protected":false},"author":1,"featured_media":0,"parent":0,"menu_order":0,"comment_status":"closed","ping_status":"closed","template":"","meta":{"site-sidebar-layout":"default","site-content-layout":"default","ast-site-content-layout":"","site-content-style":"default","site-sidebar-style":"default","ast-global-header-display":"","ast-banner-title-visibility":"","ast-main-header-display":"","ast-hfb-above-header-display":"","ast-hfb-below-header-display":"","ast-hfb-mobile-header-display":"","site-post-title":"","ast-breadcrumbs-content":"","ast-featured-img":"","footer-sml-layout":"","theme-transparent-header-meta":"default","adv-header-id-meta":"","stick-header-meta":"","header-above-stick-meta":"","header-main-stick-meta":"","header-below-stick-meta":"","astra-migrate-meta-layouts":"default","ast-page-background-enabled":"default","ast-page-background-meta":{"desktop":{"background-color":"var(--ast-global-color-4)","background-image":"","background-repeat":"repeat","background-position":"center center","background-size":"auto","background-attachment":"scroll","background-type":"","background-media":"","overlay-type":"","overlay-color":"","overlay-opacity":"","overlay-gradient":""},"tablet":{"background-color":"","background-image":"","background-repeat":"repeat","background-position":"center center","background-size":"auto","background-attachment":"scroll","background-type":"","background-media":"","overlay-type":"","overlay-color":"","overlay-opacity":"","overlay-gradient":""},"mobile":{"background-color":"","background-image":"","background-repeat":"repeat","background-position":"center center","background-size":"auto","background-attachment":"scroll","background-type":"","background-media":"","overlay-type":"","overlay-color":"","overlay-opacity":"","overlay-gradient":""}},"ast-content-background-meta":{"desktop":{"background-color":"var(--ast-global-color-5)","background-image":"","background-repeat":"repeat","background-position":"center center","background-size":"auto","background-attachment":"scroll","background-type":"","background-media":"","overlay-type":"","overlay-color":"","overlay-opacity":"","overlay-gradient":""},"tablet":{"background-color":"var(--ast-global-color-5)","background-image":"","background-repeat":"repeat","background-position":"center center","background-size":"auto","background-attachment":"scroll","background-type":"","background-media":"","overlay-type":"","overlay-color":"","overlay-opacity":"","overlay-gradient":""},"mobile":{"background-color":"var(--ast-global-color-5)","background-image":"","background-repeat":"repeat","background-position":"center center","background-size":"auto","background-attachment":"scroll","background-type":"","background-media":"","overlay-type":"","overlay-color":"","overlay-opacity":"","overlay-gradient":""}},"footnotes":""},"class_list":["post-141","page","type-page","status-publish","hentry"],"_links":{"self":[{"href":"https:\/\/www.cnvl.fr\/index.php?rest_route=\/wp\/v2\/pages\/141","targetHints":{"allow":["GET"]}}],"collection":[{"href":"https:\/\/www.cnvl.fr\/index.php?rest_route=\/wp\/v2\/pages"}],"about":[{"href":"https:\/\/www.cnvl.fr\/index.php?rest_route=\/wp\/v2\/types\/page"}],"author":[{"embeddable":true,"href":"https:\/\/www.cnvl.fr\/index.php?rest_route=\/wp\/v2\/users\/1"}],"replies":[{"embeddable":true,"href":"https:\/\/www.cnvl.fr\/index.php?rest_route=%2Fwp%2Fv2%2Fcomments&post=141"}],"version-history":[{"count":0,"href":"https:\/\/www.cnvl.fr\/index.php?rest_route=\/wp\/v2\/pages\/141\/revisions"}],"wp:attachment":[{"href":"https:\/\/www.cnvl.fr\/index.php?rest_route=%2Fwp%2Fv2%2Fmedia&parent=141"}],"curies":[{"name":"wp","href":"https:\/\/api.w.org\/{rel}","templated":true}]}}