{"id":186,"date":"2019-06-30T19:25:24","date_gmt":"2019-06-30T17:25:24","guid":{"rendered":"https:\/\/www.cnvl.fr\/?page_id=186"},"modified":"2024-08-15T21:46:16","modified_gmt":"2024-08-15T19:46:16","slug":"sinscrire-au-club-cnvl","status":"publish","type":"page","link":"https:\/\/www.cnvl.fr\/?page_id=186","title":{"rendered":"S&rsquo;inscrire au club CNVL"},"content":{"rendered":"\n<figure class=\"wp-block-image alignright size-full is-resized\"><img loading=\"lazy\" decoding=\"async\" width=\"500\" height=\"300\" src=\"https:\/\/cnvl.fr\/wp-content\/uploads\/2024\/08\/logo-ffn.jpg\" alt=\"\" class=\"wp-image-736\" srcset=\"https:\/\/www.cnvl.fr\/wp-content\/uploads\/2024\/08\/logo-ffn.jpg 500w, https:\/\/www.cnvl.fr\/wp-content\/uploads\/2024\/08\/logo-ffn-300x180.jpg 300w\" sizes=\"auto, (max-width: 500px) 100vw, 500px\" \/><\/figure>\n\n\n\n<p>Les inscriptions \u00e0 l&rsquo;association sont annuelles et s&rsquo;effectuent g\u00e9n\u00e9ralement apr\u00e8s le forum des associations de Villefranche de lauragais (d\u00e9but septembre).  Le club de natation \u00e9tant affili\u00e9e \u00e0 la FFN, les adh\u00e9rents du club sont \u00e9galement licenci\u00e9s \u00e0 la FFN. <\/p>\n\n\n\n<figure class=\"wp-block-image alignleft size-full\"><img loading=\"lazy\" decoding=\"async\" width=\"133\" height=\"68\" src=\"https:\/\/cnvl.fr\/wp-content\/uploads\/2024\/08\/box_entrainement_essai.png\" alt=\"\" class=\"wp-image-737\"\/><\/figure>\n\n\n\n<p>Nous proposons au nageurs souhaitant adh\u00e9rer au CNVL d&rsquo;effectuer en d\u00e9but de saison un cours d\u2019essai permettant de d\u00e9couvrir la natation sportive.  L&rsquo;inscription au cours d\u2019essai s&rsquo;effectue g\u00e9n\u00e9ralement au forum des associations de Villefranche de Lauragais ou par <a href=\"mailto:secretariat.cnvl@gmail.com\">mail aupr\u00e8s du secretariat du CNVL<\/a>. Nous vous envoyons un mail d&rsquo;invitation dans les jours qui suivent le forum des associations est avant la r\u00e9ouverture de la piscine de Villefranche.<\/p>\n\n\n\n<figure class=\"wp-block-image alignleft size-full\"><img loading=\"lazy\" decoding=\"async\" width=\"133\" height=\"68\" src=\"https:\/\/cnvl.fr\/wp-content\/uploads\/2024\/08\/box_choix_groupe_entrainement.png\" alt=\"\" class=\"wp-image-739\"\/><\/figure>\n\n\n\n<p>L&rsquo;objectif de l&rsquo;entrainement est \u00e9galement de faire le point avec nos entra\u00eeneurs sur vos attentes, envies et possibilit\u00e9 d&rsquo;entra\u00eenement et ainsi de vous diriger vers <a href=\"https:\/\/www.cnvl.fr\/les-groupes-dentrainement\/\">le groupe d&rsquo;entra\u00eenement<\/a> le plus adapt\u00e9 pour commencer la saison. <\/p>\n\n\n\n<figure class=\"wp-block-image alignleft size-full\"><img loading=\"lazy\" decoding=\"async\" width=\"133\" height=\"68\" src=\"https:\/\/cnvl.fr\/wp-content\/uploads\/2024\/08\/box_inscription_en_ligne.png\" alt=\"\" class=\"wp-image-740\"\/><\/figure>\n\n\n\n<p>Lorsque vous avez trouv\u00e9 le groupe d&rsquo;entra\u00eenement qui vous convient le plus, vous pouvez effectuer votre inscription au CNVL en ligne sur <a href=\"https:\/\/cnvillefranchelauragais.swim-community.fr\/\">la plateforme d&rsquo;inscription FFN<\/a> (vous pouvez cliquer sur l&rsquo;image si-dessous) mise \u00e0 la disponibilit\u00e9 de l&rsquo;association. L&rsquo;ensemble des pi\u00e8ces n\u00e9cessaires \u00e0 l&rsquo;inscription sont \u00e0 t\u00e9l\u00e9charger sur la plateforme. En d\u00e9but de saison, et suite aux entra\u00eenements d&rsquo;essai, <\/p>\n\n\n\n<figure class=\"wp-block-image aligncenter size-full\"><a href=\"https:\/\/cnvillefranchelauragais.swim-community.fr\/\"><img loading=\"lazy\" decoding=\"async\" width=\"300\" height=\"125\" src=\"https:\/\/cnvl.fr\/wp-content\/uploads\/2024\/08\/logo-swimcommunity.png\" alt=\"\" class=\"wp-image-741\"\/><\/a><\/figure>\n\n\n\n<p class=\"has-text-align-center has-medium-font-size\"><strong>les membres du secr\u00e9tariat seront pr\u00e9sents \u00e0 la piscine pour vous aider sur cette op\u00e9ration.<\/strong><\/p>\n\n\n\n<figure class=\"wp-block-image alignleft size-full\"><img loading=\"lazy\" decoding=\"async\" width=\"133\" height=\"68\" src=\"https:\/\/cnvl.fr\/wp-content\/uploads\/2024\/08\/box_reglement_adhesion.png\" alt=\"\" class=\"wp-image-742\"\/><\/figure>\n\n\n\n<p>La plateforme d&rsquo;inscription FFN ne prenant pas en charge le r\u00e9glement des cotisations, celles ci sont \u00e0 apporter au d\u00e9but des entra\u00eenements sur le mois de septembre. L&rsquo;adh\u00e9sion peut \u00eatre r\u00e9gl\u00e9e en plusieurs fois par ch\u00eaques et coupon sport.<\/p>\n\n\n\n<h2 class=\"wp-block-heading\">Se r\u00e9inscrire au CNVL<\/h2>\n\n\n\n<p>Les r\u00e9inscriptions sont lanc\u00e9es apr\u00e8s le forum des associations et sur les premiers entra\u00eenements. L&rsquo;ouverture des r\u00e9inscriptions est communiqu\u00e9e par mail aux adh\u00e9rents du CNVL \u00e0 la fin Aout ou au d\u00e9but du moi de Septembre.<\/p>\n\n\n\n<h2 class=\"wp-block-heading\">Dossier d&rsquo;inscription<\/h2>\n\n\n\n<p>Les documents du dossier d&rsquo;inscription sont t\u00e9l\u00e9chargeables sur la plateforme FFN du club.<\/p>\n\n\n\n<figure class=\"wp-block-table alignwide is-style-stripes\"><table class=\"has-fixed-layout\"><tbody><tr><td><strong>Document<\/strong><\/td><td><strong>Nouvel adh\u00e9rent<\/strong><\/td><td><strong>R\u00e9inscription<\/strong><\/td><\/tr><tr><td><strong>photo d&rsquo;identit\u00e9<\/strong><\/td><td>N\u00e9cessaire<\/td><td>N\u00e9cessaire<\/td><\/tr><tr><td><strong>Coordonn\u00e9es<\/strong><\/td><td>N\u00e9cessaire<\/td><td>Non n\u00e9cessaire (sauf changement d&rsquo;adresse)<\/td><\/tr><tr><td><strong>Appel d&rsquo;urgence<\/strong><\/td><td>N\u00e9cessaire<\/td><td>Non n\u00e9cessaire (sauf changement)<\/td><\/tr><tr><td><strong>Certificat m\u00e9dical<\/strong><\/td><td>N\u00e9cessaire<\/td><td>Non n\u00e9cessaire(sauf si le certificat est ant\u00e9rieur \u00e0 3 ans)<\/td><\/tr><tr><td><strong>Autorisations<\/strong><\/td><td>N\u00e9cessaire<\/td><td>N\u00e9cessaire<\/td><\/tr><tr><td><strong>Formulaire licence FFN<\/strong><\/td><td>N\u00e9cessaire<\/td><td>N\u00e9cessaire<\/td><\/tr><\/tbody><\/table><\/figure>\n\n\n\n<h2 class=\"wp-block-heading\">D\u00e9j\u00e0 membre du TCL<\/h2>\n\n\n\n<p>Le CNVL et le <a href=\"http:\/\/triathlonclubdulauragais.fr\/\">TCL (Triathlong Club du Lauragais)<\/a> ont une convention commune permettant aux adh\u00e9rents du TCL ne souhaitant pas faire de comp\u00e9tition FFN de n&rsquo;\u00eatre licenci\u00e9 qu&rsquo;\u00e0 la FFTri.<\/p>\n","protected":false},"excerpt":{"rendered":"<p>Les inscriptions \u00e0 l&rsquo;association sont annuelles et s&rsquo;effectuent g\u00e9n\u00e9ralement apr\u00e8s le forum des associations de Villefranche de lauragais (d\u00e9but septembre). [&hellip;]<\/p>\n","protected":false},"author":1,"featured_media":0,"parent":0,"menu_order":0,"comment_status":"closed","ping_status":"closed","template":"","meta":{"site-sidebar-layout":"default","site-content-layout":"default","ast-site-content-layout":"","site-content-style":"default","site-sidebar-style":"default","ast-global-header-display":"","ast-banner-title-visibility":"","ast-main-header-display":"","ast-hfb-above-header-display":"","ast-hfb-below-header-display":"","ast-hfb-mobile-header-display":"","site-post-title":"","ast-breadcrumbs-content":"","ast-featured-img":"","footer-sml-layout":"","theme-transparent-header-meta":"default","adv-header-id-meta":"","stick-header-meta":"","header-above-stick-meta":"","header-main-stick-meta":"","header-below-stick-meta":"","astra-migrate-meta-layouts":"default","ast-page-background-enabled":"default","ast-page-background-meta":{"desktop":{"background-color":"var(--ast-global-color-4)","background-image":"","background-repeat":"repeat","background-position":"center center","background-size":"auto","background-attachment":"scroll","background-type":"","background-media":"","overlay-type":"","overlay-color":"","overlay-opacity":"","overlay-gradient":""},"tablet":{"background-color":"","background-image":"","background-repeat":"repeat","background-position":"center center","background-size":"auto","background-attachment":"scroll","background-type":"","background-media":"","overlay-type":"","overlay-color":"","overlay-opacity":"","overlay-gradient":""},"mobile":{"background-color":"","background-image":"","background-repeat":"repeat","background-position":"center center","background-size":"auto","background-attachment":"scroll","background-type":"","background-media":"","overlay-type":"","overlay-color":"","overlay-opacity":"","overlay-gradient":""}},"ast-content-background-meta":{"desktop":{"background-color":"var(--ast-global-color-5)","background-image":"","background-repeat":"repeat","background-position":"center center","background-size":"auto","background-attachment":"scroll","background-type":"","background-media":"","overlay-type":"","overlay-color":"","overlay-opacity":"","overlay-gradient":""},"tablet":{"background-color":"var(--ast-global-color-5)","background-image":"","background-repeat":"repeat","background-position":"center center","background-size":"auto","background-attachment":"scroll","background-type":"","background-media":"","overlay-type":"","overlay-color":"","overlay-opacity":"","overlay-gradient":""},"mobile":{"background-color":"var(--ast-global-color-5)","background-image":"","background-repeat":"repeat","background-position":"center center","background-size":"auto","background-attachment":"scroll","background-type":"","background-media":"","overlay-type":"","overlay-color":"","overlay-opacity":"","overlay-gradient":""}},"footnotes":""},"class_list":["post-186","page","type-page","status-publish","hentry"],"_links":{"self":[{"href":"https:\/\/www.cnvl.fr\/index.php?rest_route=\/wp\/v2\/pages\/186","targetHints":{"allow":["GET"]}}],"collection":[{"href":"https:\/\/www.cnvl.fr\/index.php?rest_route=\/wp\/v2\/pages"}],"about":[{"href":"https:\/\/www.cnvl.fr\/index.php?rest_route=\/wp\/v2\/types\/page"}],"author":[{"embeddable":true,"href":"https:\/\/www.cnvl.fr\/index.php?rest_route=\/wp\/v2\/users\/1"}],"replies":[{"embeddable":true,"href":"https:\/\/www.cnvl.fr\/index.php?rest_route=%2Fwp%2Fv2%2Fcomments&post=186"}],"version-history":[{"count":2,"href":"https:\/\/www.cnvl.fr\/index.php?rest_route=\/wp\/v2\/pages\/186\/revisions"}],"predecessor-version":[{"id":766,"href":"https:\/\/www.cnvl.fr\/index.php?rest_route=\/wp\/v2\/pages\/186\/revisions\/766"}],"wp:attachment":[{"href":"https:\/\/www.cnvl.fr\/index.php?rest_route=%2Fwp%2Fv2%2Fmedia&parent=186"}],"curies":[{"name":"wp","href":"https:\/\/api.w.org\/{rel}","templated":true}]}}