{"id":247,"date":"2019-07-08T22:10:14","date_gmt":"2019-07-08T20:10:14","guid":{"rendered":"https:\/\/www.cnvl.fr\/?page_id=247"},"modified":"2025-09-06T09:22:12","modified_gmt":"2025-09-06T07:22:12","slug":"les-creneaux-horaires","status":"publish","type":"page","link":"https:\/\/www.cnvl.fr\/?page_id=247","title":{"rendered":"Les cr\u00e9neaux horaires du club CNVL sur la piscine de Villefranche de Lauragais"},"content":{"rendered":"\n<p>Le club de natation propose de entra\u00eenements tous les jours de la semaine (sauf le dimanche). Les groupes d&rsquo;entra\u00eenement sont r\u00e9partis dans les diff\u00e9rentes lignes d&rsquo;eau du bassin suivant le plan d&rsquo;occupation des lignes suivant.<\/p>\n\n\n\n<figure class=\"wp-block-image aligncenter size-full\"><img loading=\"lazy\" decoding=\"async\" width=\"1440\" height=\"1176\" src=\"https:\/\/www.cnvl.fr\/wp-content\/uploads\/2025\/09\/plan_occupation_lignes_2025_2026.png\" alt=\"\" class=\"wp-image-807\" srcset=\"https:\/\/www.cnvl.fr\/wp-content\/uploads\/2025\/09\/plan_occupation_lignes_2025_2026.png 1440w, https:\/\/www.cnvl.fr\/wp-content\/uploads\/2025\/09\/plan_occupation_lignes_2025_2026-300x245.png 300w, https:\/\/www.cnvl.fr\/wp-content\/uploads\/2025\/09\/plan_occupation_lignes_2025_2026-1024x836.png 1024w, https:\/\/www.cnvl.fr\/wp-content\/uploads\/2025\/09\/plan_occupation_lignes_2025_2026-768x627.png 768w\" sizes=\"auto, (max-width: 1440px) 100vw, 1440px\" \/><\/figure>\n\n\n\n<p>Ce plan est utilis\u00e9 comme base de l&rsquo;organisation des bassins. Les s\u00e9ances banalis\u00e9es (mercredi et samedi) sont ouvertes \u00e0 l&rsquo;ensemble des adh\u00e9rents du club et permettent de participer le mercredi \u00e0 un entra\u00eenement d\u00e9di\u00e9 demi fond (eau libre \/ triathlon) ou \u00e0 un entrainement suppl\u00e9mentaire le samedi.<\/p>\n","protected":false},"excerpt":{"rendered":"<p>Le club de natation propose de entra\u00eenements tous les jours de la semaine (sauf le dimanche). Les groupes d&rsquo;entra\u00eenement sont [&hellip;]<\/p>\n","protected":false},"author":1,"featured_media":0,"parent":0,"menu_order":0,"comment_status":"closed","ping_status":"closed","template":"","meta":{"site-sidebar-layout":"default","site-content-layout":"default","ast-site-content-layout":"","site-content-style":"default","site-sidebar-style":"default","ast-global-header-display":"","ast-banner-title-visibility":"","ast-main-header-display":"","ast-hfb-above-header-display":"","ast-hfb-below-header-display":"","ast-hfb-mobile-header-display":"","site-post-title":"","ast-breadcrumbs-content":"","ast-featured-img":"","footer-sml-layout":"","theme-transparent-header-meta":"default","adv-header-id-meta":"","stick-header-meta":"","header-above-stick-meta":"","header-main-stick-meta":"","header-below-stick-meta":"","astra-migrate-meta-layouts":"default","ast-page-background-enabled":"default","ast-page-background-meta":{"desktop":{"background-color":"var(--ast-global-color-4)","background-image":"","background-repeat":"repeat","background-position":"center center","background-size":"auto","background-attachment":"scroll","background-type":"","background-media":"","overlay-type":"","overlay-color":"","overlay-opacity":"","overlay-gradient":""},"tablet":{"background-color":"","background-image":"","background-repeat":"repeat","background-position":"center center","background-size":"auto","background-attachment":"scroll","background-type":"","background-media":"","overlay-type":"","overlay-color":"","overlay-opacity":"","overlay-gradient":""},"mobile":{"background-color":"","background-image":"","background-repeat":"repeat","background-position":"center center","background-size":"auto","background-attachment":"scroll","background-type":"","background-media":"","overlay-type":"","overlay-color":"","overlay-opacity":"","overlay-gradient":""}},"ast-content-background-meta":{"desktop":{"background-color":"var(--ast-global-color-5)","background-image":"","background-repeat":"repeat","background-position":"center center","background-size":"auto","background-attachment":"scroll","background-type":"","background-media":"","overlay-type":"","overlay-color":"","overlay-opacity":"","overlay-gradient":""},"tablet":{"background-color":"var(--ast-global-color-5)","background-image":"","background-repeat":"repeat","background-position":"center center","background-size":"auto","background-attachment":"scroll","background-type":"","background-media":"","overlay-type":"","overlay-color":"","overlay-opacity":"","overlay-gradient":""},"mobile":{"background-color":"var(--ast-global-color-5)","background-image":"","background-repeat":"repeat","background-position":"center center","background-size":"auto","background-attachment":"scroll","background-type":"","background-media":"","overlay-type":"","overlay-color":"","overlay-opacity":"","overlay-gradient":""}},"footnotes":""},"class_list":["post-247","page","type-page","status-publish","hentry"],"_links":{"self":[{"href":"https:\/\/www.cnvl.fr\/index.php?rest_route=\/wp\/v2\/pages\/247","targetHints":{"allow":["GET"]}}],"collection":[{"href":"https:\/\/www.cnvl.fr\/index.php?rest_route=\/wp\/v2\/pages"}],"about":[{"href":"https:\/\/www.cnvl.fr\/index.php?rest_route=\/wp\/v2\/types\/page"}],"author":[{"embeddable":true,"href":"https:\/\/www.cnvl.fr\/index.php?rest_route=\/wp\/v2\/users\/1"}],"replies":[{"embeddable":true,"href":"https:\/\/www.cnvl.fr\/index.php?rest_route=%2Fwp%2Fv2%2Fcomments&post=247"}],"version-history":[{"count":3,"href":"https:\/\/www.cnvl.fr\/index.php?rest_route=\/wp\/v2\/pages\/247\/revisions"}],"predecessor-version":[{"id":808,"href":"https:\/\/www.cnvl.fr\/index.php?rest_route=\/wp\/v2\/pages\/247\/revisions\/808"}],"wp:attachment":[{"href":"https:\/\/www.cnvl.fr\/index.php?rest_route=%2Fwp%2Fv2%2Fmedia&parent=247"}],"curies":[{"name":"wp","href":"https:\/\/api.w.org\/{rel}","templated":true}]}}