{"id":263,"date":"2019-07-09T18:20:22","date_gmt":"2019-07-09T16:20:22","guid":{"rendered":"https:\/\/www.cnvl.fr\/?page_id=263"},"modified":"2019-07-09T18:20:22","modified_gmt":"2019-07-09T16:20:22","slug":"calendrier-competitions-eau-libre","status":"publish","type":"page","link":"https:\/\/www.cnvl.fr\/?page_id=263","title":{"rendered":"Calendrier Comp\u00e9titions eau libre"},"content":{"rendered":"\n<p>Les nageurs de la communaut\u00e9 eau libre du club se coordonnent g\u00e9n\u00e9ralement pour participer ensemble aux \u00e9preuves de nage en eau libre. Le tableau suivant pr\u00e9sente la liste des \u00e9preuves identifi\u00e9es.<\/p>\n\n\n\n<table class=\"wp-block-table has-fixed-layout is-style-stripes\"><tbody><tr><td><strong>Course<\/strong><\/td><td><strong>Date<\/strong><\/td><td><strong>Lieu<\/strong><\/td><td><strong>Distance<\/strong><\/td><\/tr><tr><td><a href=\"https:\/\/www.ffneaulibre.fr\/evenements\/voir\/5383\/traversee-de-frontignan-2019-frontignan\">Travers\u00e9e de Frontignan<\/a><\/td><td>09 Juin 2019<\/td><td>Frontignan (FR)<\/td><td>1500m, 5000m<\/td><\/tr><tr><td><a href=\"https:\/\/www.defimonte-cristo.com\/fr\/\">D\u00e9fi de Monte-Cristo<\/a><\/td><td>23-25 Juin 2019<\/td><td>Marseille (FR)<\/td><td>3000m, 5000m<\/td><\/tr><tr><td><a href=\"http:\/\/www.openswimstars.com\/douarnenez\/\">Open Swim Star Dourarnenez<\/a><\/td><td>20 Juillet 2019<\/td><td>Douarnenez (FR)<\/td><td>1000m, 1850m, 5000m<\/td><\/tr><tr><td><a href=\"https:\/\/www.ffneaulibre.fr\/evenements\/voir\/5335\/traversee-rives-ripaille-thonon-les-bains\">Course FFN Thonon les bains<\/a><\/td><td>21 Juillet 2019<\/td><td>Thonon les Bains (FR)<\/td><td>500 m, 1000 m, 2500 m, 5000 m<\/td><\/tr><tr><td><a href=\"http:\/\/www.openswimstars.com\/wp-content\/uploads\/2019\/01\/R%C3%A8glement-OSS-Agde-2019-1.pdf\">Open Swim Star Agde<\/a><\/td><td>27 juillet 2019<\/td><td>Cap d&rsquo;Agde (FR)<\/td><td>1000m, 2600m, 5000m<\/td><\/tr><tr><td><a href=\"http:\/\/pb-organisation.com\/evenements\/traversee-de-la-baie-st-jean-de-luz-2\/\">Travers\u00e9e de Saint Jean de Luz<\/a><\/td><td>15 Aout 2019<\/td><td>Saint Jean de Luz<\/td><td>1800m<\/td><\/tr><tr><td><a href=\"https:\/\/novarems.fr\/nage\/\">Travers\u00e9e de port la nouvelle<\/a><\/td><td>15 Aout 2019<\/td><td>Port La nouvelle (FR)<\/td><td>500m, 2400m<\/td><\/tr><tr><td><a href=\"https:\/\/www.ffneaulibre.fr\/evenements\/voir\/5405\/100-eme-traversee-de-sete-s-te\">Travers\u00e9\u00e9 des canaux de S\u00e8te<\/a><\/td><td>25 Aout 2019<\/td><td>S\u00e8te (FR)<\/td><td>1000 m, 2500 m, 5000 m<\/td><\/tr><tr><td>Comp\u00e9tition Interne CNVL (Pique Nique)<\/td><td>30 Aout 2019<\/td><td>Nailloux (FR)<\/td><td>300m, 1000m<\/td><\/tr><tr><td><a href=\"https:\/\/www.swimrun-occitan.fr\/\">Swim Run de la Ganguise<\/a><\/td><td>1 Septembre 2019<\/td><td>Lac de la Ganguise (FR)<\/td><td><\/td><\/tr><tr><td><a href=\"http:\/\/www.openswimstars.com\/lyon\/\">Open Swim Star Lyon<\/a><\/td><td>1 Septembre 2019<\/td><td>Lyon (FR)<\/td><td>1000 m, 3500 m, 5500 m <\/td><\/tr><tr><td><a href=\"https:\/\/www.ffneaulibre.fr\/evenements\/voir\/5237\/la-mill-eau-libre-millau\">La Mill&rsquo;Eau Libre<\/a><\/td><td>7-8 Septembre 2019<\/td><td>Millau (FR)<\/td><td>500m, 1000m, 5000m, 7500m<\/td><\/tr><tr><td><a href=\"http:\/\/www.openswimstars.com\/toulouse\/\">Open Swim Star Toulouse<\/a><\/td><td>8 Septembre 2019<\/td><td>Toulouse (FR)<\/td><td>1000 m, 2500 m, 5000 m, <br>5000 m Palmes<\/td><\/tr><tr><td><a href=\"http:\/\/www.openswimstars.com\/dunkerque\/\">Open Swim Star Dunkerque<\/a><\/td><td>14 Septembre 2019<\/td><td>Dunkerque (FR)<\/td><td>1000 m, 2500 m, 5000 m <\/td><\/tr><tr><td><a href=\"https:\/\/www.ffneaulibre.fr\/evenements\/voir\/5315\/promswim-traversee-de-nice-edf-aqua-challenge-nice-nice\">Aqua challenge NICE<\/a><\/td><td>22 Septembre 2019<\/td><td>Nice (FR)<\/td><td>500 m, 1000 m, 2500 m,<br>5000 m,  10000 m<\/td><\/tr><\/tbody><\/table>\n\n\n\n<p><\/p>\n","protected":false},"excerpt":{"rendered":"<p>Les nageurs de la communaut\u00e9 eau libre du club se coordonnent g\u00e9n\u00e9ralement pour participer ensemble aux \u00e9preuves de nage en [&hellip;]<\/p>\n","protected":false},"author":1,"featured_media":0,"parent":0,"menu_order":0,"comment_status":"closed","ping_status":"closed","template":"","meta":{"site-sidebar-layout":"default","site-content-layout":"default","ast-site-content-layout":"","site-content-style":"default","site-sidebar-style":"default","ast-global-header-display":"","ast-banner-title-visibility":"","ast-main-header-display":"","ast-hfb-above-header-display":"","ast-hfb-below-header-display":"","ast-hfb-mobile-header-display":"","site-post-title":"","ast-breadcrumbs-content":"","ast-featured-img":"","footer-sml-layout":"","theme-transparent-header-meta":"default","adv-header-id-meta":"","stick-header-meta":"","header-above-stick-meta":"","header-main-stick-meta":"","header-below-stick-meta":"","astra-migrate-meta-layouts":"default","ast-page-background-enabled":"default","ast-page-background-meta":{"desktop":{"background-color":"var(--ast-global-color-4)","background-image":"","background-repeat":"repeat","background-position":"center center","background-size":"auto","background-attachment":"scroll","background-type":"","background-media":"","overlay-type":"","overlay-color":"","overlay-opacity":"","overlay-gradient":""},"tablet":{"background-color":"","background-image":"","background-repeat":"repeat","background-position":"center center","background-size":"auto","background-attachment":"scroll","background-type":"","background-media":"","overlay-type":"","overlay-color":"","overlay-opacity":"","overlay-gradient":""},"mobile":{"background-color":"","background-image":"","background-repeat":"repeat","background-position":"center center","background-size":"auto","background-attachment":"scroll","background-type":"","background-media":"","overlay-type":"","overlay-color":"","overlay-opacity":"","overlay-gradient":""}},"ast-content-background-meta":{"desktop":{"background-color":"var(--ast-global-color-5)","background-image":"","background-repeat":"repeat","background-position":"center center","background-size":"auto","background-attachment":"scroll","background-type":"","background-media":"","overlay-type":"","overlay-color":"","overlay-opacity":"","overlay-gradient":""},"tablet":{"background-color":"var(--ast-global-color-5)","background-image":"","background-repeat":"repeat","background-position":"center center","background-size":"auto","background-attachment":"scroll","background-type":"","background-media":"","overlay-type":"","overlay-color":"","overlay-opacity":"","overlay-gradient":""},"mobile":{"background-color":"var(--ast-global-color-5)","background-image":"","background-repeat":"repeat","background-position":"center center","background-size":"auto","background-attachment":"scroll","background-type":"","background-media":"","overlay-type":"","overlay-color":"","overlay-opacity":"","overlay-gradient":""}},"footnotes":""},"class_list":["post-263","page","type-page","status-publish","hentry"],"_links":{"self":[{"href":"https:\/\/www.cnvl.fr\/index.php?rest_route=\/wp\/v2\/pages\/263","targetHints":{"allow":["GET"]}}],"collection":[{"href":"https:\/\/www.cnvl.fr\/index.php?rest_route=\/wp\/v2\/pages"}],"about":[{"href":"https:\/\/www.cnvl.fr\/index.php?rest_route=\/wp\/v2\/types\/page"}],"author":[{"embeddable":true,"href":"https:\/\/www.cnvl.fr\/index.php?rest_route=\/wp\/v2\/users\/1"}],"replies":[{"embeddable":true,"href":"https:\/\/www.cnvl.fr\/index.php?rest_route=%2Fwp%2Fv2%2Fcomments&post=263"}],"version-history":[{"count":0,"href":"https:\/\/www.cnvl.fr\/index.php?rest_route=\/wp\/v2\/pages\/263\/revisions"}],"wp:attachment":[{"href":"https:\/\/www.cnvl.fr\/index.php?rest_route=%2Fwp%2Fv2%2Fmedia&parent=263"}],"curies":[{"name":"wp","href":"https:\/\/api.w.org\/{rel}","templated":true}]}}