{"id":328,"date":"2019-07-31T09:37:04","date_gmt":"2019-07-31T07:37:04","guid":{"rendered":"https:\/\/www.cnvl.fr\/?page_id=328"},"modified":"2025-08-07T21:45:04","modified_gmt":"2025-08-07T19:45:04","slug":"montant-de-la-cotisation-cnvl","status":"publish","type":"page","link":"https:\/\/www.cnvl.fr\/?page_id=328","title":{"rendered":"Montant de la cotisation CNVL"},"content":{"rendered":"\n<figure class=\"wp-block-image alignright size-full is-resized\"><img loading=\"lazy\" decoding=\"async\" width=\"198\" height=\"197\" src=\"https:\/\/cnvl.fr\/wp-content\/uploads\/2024\/08\/euro-cotisation.png\" alt=\"\" class=\"wp-image-750\" style=\"width:248px;height:247px\" srcset=\"https:\/\/www.cnvl.fr\/wp-content\/uploads\/2024\/08\/euro-cotisation.png 198w, https:\/\/www.cnvl.fr\/wp-content\/uploads\/2024\/08\/euro-cotisation-150x150.png 150w\" sizes=\"auto, (max-width: 198px) 100vw, 198px\" \/><\/figure>\n\n\n\n<p>La cotisation au CNVL est divis\u00e9es en deux parties :<\/p>\n\n\n\n<ol class=\"wp-block-list\">\n<li>L&rsquo;adh\u00e9sion \u00e0 l&rsquo;association permettant de participer aux activit\u00e9s propos\u00e9es par le club.<\/li>\n\n\n\n<li><a href=\"https:\/\/www.cnvl.fr\/la-licence-ffn\/\">L&rsquo;achat d&rsquo;une licence FFN (Comp\u00e9tition ou Loisir).<\/a> <\/li>\n\n\n\n<li>Pour les nouveaux adh\u00e9rents, l&rsquo;adh\u00e9sion comprend la fourniture par le club:\n<ol class=\"wp-block-list\">\n<li>d&rsquo;un bonnet du club<\/li>\n\n\n\n<li>d&rsquo;une planche<\/li>\n\n\n\n<li>d&rsquo;un pull-boy<\/li>\n\n\n\n<li>d&rsquo;un filet de transport du mat\u00e9riel de natation<\/li>\n<\/ol>\n<\/li>\n<\/ol>\n\n\n\n<p>L&rsquo;adh\u00e9sion est d\u00e9gressive en fonction du nombre d&rsquo;adh\u00e9rents d&rsquo;une m\u00eame famille. <\/p>\n\n\n\n<p>De plus une r\u00e9duction de 15 euros est faite pour les \u00ab\u00a0re-adh\u00e9sions\u00a0\u00bb. <\/p>\n\n\n\n<p>En fonction de la nature de votre <a href=\"https:\/\/www.cnvl.fr\/les-groupes-dentrainement\/\">groupe d&rsquo;entrainement<\/a> et de la licence \u00e0 prendre, les deux tableaux suivant pr\u00e9sentent le montant de la cotisation pour les diff\u00e9rents membres.<\/p>\n\n\n\n<h2 class=\"wp-block-heading has-text-align-center\">Adh\u00e9sion avec une licence FFN Natation Loisir<\/h2>\n\n\n\n<figure class=\"wp-block-table\"><table><thead><tr><th><\/th><th class=\"has-text-align-right\" data-align=\"right\">1er Membre<\/th><th class=\"has-text-align-right\" data-align=\"right\">2\u00e9me Membre<\/th><th class=\"has-text-align-right\" data-align=\"right\">3\u00e9me Membre<\/th><\/tr><\/thead><tbody><tr><td>License FFN Loisir<\/td><td class=\"has-text-align-right\" data-align=\"right\">18<\/td><td class=\"has-text-align-right\" data-align=\"right\">18<\/td><td class=\"has-text-align-right\" data-align=\"right\">18<\/td><\/tr><tr><td>Adh\u00e9sion CNVL<\/td><td class=\"has-text-align-right\" data-align=\"right\">222<\/td><td class=\"has-text-align-right\" data-align=\"right\">202<\/td><td class=\"has-text-align-right\" data-align=\"right\">182<\/td><\/tr><tr><td><strong>TOTAL<\/strong><\/td><td class=\"has-text-align-right\" data-align=\"right\"><strong>245<\/strong> (230)<\/td><td class=\"has-text-align-right\" data-align=\"right\"><strong>225<\/strong> (210)<\/td><td class=\"has-text-align-right\" data-align=\"right\"><strong>205 <\/strong>(190)<\/td><\/tr><\/tbody><\/table><\/figure>\n\n\n\n<h2 class=\"wp-block-heading has-text-align-center\">Adh\u00e9sion avec une licence FFN Natation Artistique Loisir<\/h2>\n\n\n\n<figure class=\"wp-block-table\"><table><thead><tr><th><\/th><th class=\"has-text-align-right\" data-align=\"right\">1er Membre<\/th><th class=\"has-text-align-right\" data-align=\"right\">2\u00e9me Membre<\/th><th class=\"has-text-align-right\" data-align=\"right\">3\u00e9me Membre<\/th><\/tr><\/thead><tbody><tr><td>License FFN Loisir<\/td><td class=\"has-text-align-right\" data-align=\"right\">18<\/td><td class=\"has-text-align-right\" data-align=\"right\">18<\/td><td class=\"has-text-align-right\" data-align=\"right\">18<\/td><\/tr><tr><td>Adh\u00e9sion CNVL<\/td><td class=\"has-text-align-right\" data-align=\"right\">232<\/td><td class=\"has-text-align-right\" data-align=\"right\">212<\/td><td class=\"has-text-align-right\" data-align=\"right\">192<\/td><\/tr><tr><td><strong>TOTAL<\/strong><\/td><td class=\"has-text-align-right\" data-align=\"right\"><strong>255<\/strong> (240)<\/td><td class=\"has-text-align-right\" data-align=\"right\"><strong>235 <\/strong>(220)<\/td><td class=\"has-text-align-right\" data-align=\"right\"><strong>215 <\/strong>(200)<\/td><\/tr><\/tbody><\/table><\/figure>\n\n\n\n<h2 class=\"wp-block-heading has-text-align-center\">Adh\u00e9sion avec une licence FFN Comp\u00e9tition (Natation Course et Artistique)<\/h2>\n\n\n\n<figure class=\"wp-block-table\"><table><thead><tr><th><\/th><th class=\"has-text-align-right\" data-align=\"right\">1er Membre<\/th><th class=\"has-text-align-right\" data-align=\"right\">2\u00e9me Membre<\/th><th class=\"has-text-align-right\" data-align=\"right\">3eme Membre<\/th><\/tr><\/thead><tbody><tr><td>License FFN Competition<\/td><td class=\"has-text-align-right\" data-align=\"right\">58<\/td><td class=\"has-text-align-right\" data-align=\"right\">58<\/td><td class=\"has-text-align-right\" data-align=\"right\">58<\/td><\/tr><tr><td>Adhesion CNVL<\/td><td class=\"has-text-align-right\" data-align=\"right\">232<\/td><td class=\"has-text-align-right\" data-align=\"right\">212<\/td><td class=\"has-text-align-right\" data-align=\"right\">192<\/td><\/tr><tr><td><strong>TOTAL<\/strong><\/td><td class=\"has-text-align-right\" data-align=\"right\"><strong>290<\/strong> (275)<\/td><td class=\"has-text-align-right\" data-align=\"right\"><strong>270 <\/strong>(255)<\/td><td class=\"has-text-align-right\" data-align=\"right\"><strong>250 <\/strong>(235)<\/td><\/tr><\/tbody><\/table><\/figure>\n\n\n\n<p><strong>Rappels :<\/strong><\/p>\n\n\n\n<ul class=\"wp-block-list\">\n<li>La cotisation pour un nageur d\u00e9j\u00e0 membre du CNVL la saison pr\u00e9c\u00e9dente est r\u00e9duite de 15 \u20ac<\/li>\n\n\n\n<li>Les membres du TCL (Triathlon Club du Lauragais) qui s&rsquo;inscrivent dans un groupe \u00ab\u00a0Entrainement Sportif\u00a0\u00bb ou \u00ab\u00a0Perfectionnement\u00a0\u00bb sont dispens\u00e9s de licence FFN (Ils doivent pr\u00e9senter leur licence FFTri \u00e0 jour).<\/li>\n<\/ul>\n\n\n\n<p><\/p>\n","protected":false},"excerpt":{"rendered":"<p>La cotisation au CNVL est divis\u00e9es en deux parties : L&rsquo;adh\u00e9sion est d\u00e9gressive en fonction du nombre d&rsquo;adh\u00e9rents d&rsquo;une m\u00eame [&hellip;]<\/p>\n","protected":false},"author":1,"featured_media":0,"parent":0,"menu_order":0,"comment_status":"closed","ping_status":"closed","template":"","meta":{"site-sidebar-layout":"default","site-content-layout":"default","ast-site-content-layout":"","site-content-style":"default","site-sidebar-style":"default","ast-global-header-display":"","ast-banner-title-visibility":"","ast-main-header-display":"","ast-hfb-above-header-display":"","ast-hfb-below-header-display":"","ast-hfb-mobile-header-display":"","site-post-title":"","ast-breadcrumbs-content":"","ast-featured-img":"","footer-sml-layout":"","theme-transparent-header-meta":"default","adv-header-id-meta":"","stick-header-meta":"","header-above-stick-meta":"","header-main-stick-meta":"","header-below-stick-meta":"","astra-migrate-meta-layouts":"default","ast-page-background-enabled":"default","ast-page-background-meta":{"desktop":{"background-color":"var(--ast-global-color-4)","background-image":"","background-repeat":"repeat","background-position":"center center","background-size":"auto","background-attachment":"scroll","background-type":"","background-media":"","overlay-type":"","overlay-color":"","overlay-opacity":"","overlay-gradient":""},"tablet":{"background-color":"","background-image":"","background-repeat":"repeat","background-position":"center center","background-size":"auto","background-attachment":"scroll","background-type":"","background-media":"","overlay-type":"","overlay-color":"","overlay-opacity":"","overlay-gradient":""},"mobile":{"background-color":"","background-image":"","background-repeat":"repeat","background-position":"center center","background-size":"auto","background-attachment":"scroll","background-type":"","background-media":"","overlay-type":"","overlay-color":"","overlay-opacity":"","overlay-gradient":""}},"ast-content-background-meta":{"desktop":{"background-color":"var(--ast-global-color-5)","background-image":"","background-repeat":"repeat","background-position":"center center","background-size":"auto","background-attachment":"scroll","background-type":"","background-media":"","overlay-type":"","overlay-color":"","overlay-opacity":"","overlay-gradient":""},"tablet":{"background-color":"var(--ast-global-color-5)","background-image":"","background-repeat":"repeat","background-position":"center center","background-size":"auto","background-attachment":"scroll","background-type":"","background-media":"","overlay-type":"","overlay-color":"","overlay-opacity":"","overlay-gradient":""},"mobile":{"background-color":"var(--ast-global-color-5)","background-image":"","background-repeat":"repeat","background-position":"center center","background-size":"auto","background-attachment":"scroll","background-type":"","background-media":"","overlay-type":"","overlay-color":"","overlay-opacity":"","overlay-gradient":""}},"footnotes":""},"class_list":["post-328","page","type-page","status-publish","hentry"],"_links":{"self":[{"href":"https:\/\/www.cnvl.fr\/index.php?rest_route=\/wp\/v2\/pages\/328","targetHints":{"allow":["GET"]}}],"collection":[{"href":"https:\/\/www.cnvl.fr\/index.php?rest_route=\/wp\/v2\/pages"}],"about":[{"href":"https:\/\/www.cnvl.fr\/index.php?rest_route=\/wp\/v2\/types\/page"}],"author":[{"embeddable":true,"href":"https:\/\/www.cnvl.fr\/index.php?rest_route=\/wp\/v2\/users\/1"}],"replies":[{"embeddable":true,"href":"https:\/\/www.cnvl.fr\/index.php?rest_route=%2Fwp%2Fv2%2Fcomments&post=328"}],"version-history":[{"count":4,"href":"https:\/\/www.cnvl.fr\/index.php?rest_route=\/wp\/v2\/pages\/328\/revisions"}],"predecessor-version":[{"id":802,"href":"https:\/\/www.cnvl.fr\/index.php?rest_route=\/wp\/v2\/pages\/328\/revisions\/802"}],"wp:attachment":[{"href":"https:\/\/www.cnvl.fr\/index.php?rest_route=%2Fwp%2Fv2%2Fmedia&parent=328"}],"curies":[{"name":"wp","href":"https:\/\/api.w.org\/{rel}","templated":true}]}}