{"id":363,"date":"2019-07-31T12:44:51","date_gmt":"2019-07-31T10:44:51","guid":{"rendered":"https:\/\/www.cnvl.fr\/?page_id=363"},"modified":"2019-07-31T12:44:51","modified_gmt":"2019-07-31T10:44:51","slug":"mention-legale","status":"publish","type":"page","link":"https:\/\/www.cnvl.fr\/?page_id=363","title":{"rendered":"Mention L\u00e9gale"},"content":{"rendered":"\n<p>Les lois du 6 janvier 1978, modifi\u00e9e le 7 ao\u00fbt 2004, et du 21 juin 2004 imposent aux associations de faire appara\u00eetre certaines mentions sur leur site internet :<\/p>\n\n\n\n<ul class=\"wp-block-list\"><li>leur d\u00e9nomination et l&rsquo;adresse de leur si\u00e8ge social ;<\/li><li>le nom du directeur de la publication (souvent le pr\u00e9sident de l&rsquo;association) et du responsable de la r\u00e9daction, s&rsquo;il y en a un ;<\/li><li>le nom, la d\u00e9nomination ou la raison social et l&rsquo;adresse de l&rsquo;h\u00e9bergeur.<\/li><\/ul>\n\n\n\n<table class=\"wp-block-table has-fixed-layout\"><tbody><tr><td><strong>D\u00e9nomination<\/strong><\/td><td><a href=\"https:\/\/www.cnvl.fr\">www.cnvl.fr<\/a><\/td><\/tr><tr><td><strong>Adresse du si\u00e8ge social<\/strong><\/td><td>119, rue de la r\u00e9publique,<br>31290 Villefranche de lauragais<\/td><\/tr><tr><td><strong>Directeur de la publication<\/strong><\/td><td>Jean-Michel GEORGER<\/td><\/tr><tr><td><strong>Herbergeur<\/strong><\/td><td><a href=\"https:\/\/www.ovh.com\/fr\/support\/mentions-legales\/\">Mention l\u00e9gale OVH<\/a><\/td><\/tr><\/tbody><\/table>\n\n\n\n<p><\/p>\n","protected":false},"excerpt":{"rendered":"<p>Les lois du 6 janvier 1978, modifi\u00e9e le 7 ao\u00fbt 2004, et du 21 juin 2004 imposent aux associations de [&hellip;]<\/p>\n","protected":false},"author":1,"featured_media":0,"parent":0,"menu_order":0,"comment_status":"closed","ping_status":"closed","template":"","meta":{"site-sidebar-layout":"default","site-content-layout":"default","ast-site-content-layout":"","site-content-style":"default","site-sidebar-style":"default","ast-global-header-display":"","ast-banner-title-visibility":"","ast-main-header-display":"","ast-hfb-above-header-display":"","ast-hfb-below-header-display":"","ast-hfb-mobile-header-display":"","site-post-title":"","ast-breadcrumbs-content":"","ast-featured-img":"","footer-sml-layout":"","theme-transparent-header-meta":"default","adv-header-id-meta":"","stick-header-meta":"","header-above-stick-meta":"","header-main-stick-meta":"","header-below-stick-meta":"","astra-migrate-meta-layouts":"default","ast-page-background-enabled":"default","ast-page-background-meta":{"desktop":{"background-color":"var(--ast-global-color-4)","background-image":"","background-repeat":"repeat","background-position":"center center","background-size":"auto","background-attachment":"scroll","background-type":"","background-media":"","overlay-type":"","overlay-color":"","overlay-opacity":"","overlay-gradient":""},"tablet":{"background-color":"","background-image":"","background-repeat":"repeat","background-position":"center center","background-size":"auto","background-attachment":"scroll","background-type":"","background-media":"","overlay-type":"","overlay-color":"","overlay-opacity":"","overlay-gradient":""},"mobile":{"background-color":"","background-image":"","background-repeat":"repeat","background-position":"center center","background-size":"auto","background-attachment":"scroll","background-type":"","background-media":"","overlay-type":"","overlay-color":"","overlay-opacity":"","overlay-gradient":""}},"ast-content-background-meta":{"desktop":{"background-color":"var(--ast-global-color-5)","background-image":"","background-repeat":"repeat","background-position":"center center","background-size":"auto","background-attachment":"scroll","background-type":"","background-media":"","overlay-type":"","overlay-color":"","overlay-opacity":"","overlay-gradient":""},"tablet":{"background-color":"var(--ast-global-color-5)","background-image":"","background-repeat":"repeat","background-position":"center center","background-size":"auto","background-attachment":"scroll","background-type":"","background-media":"","overlay-type":"","overlay-color":"","overlay-opacity":"","overlay-gradient":""},"mobile":{"background-color":"var(--ast-global-color-5)","background-image":"","background-repeat":"repeat","background-position":"center center","background-size":"auto","background-attachment":"scroll","background-type":"","background-media":"","overlay-type":"","overlay-color":"","overlay-opacity":"","overlay-gradient":""}},"footnotes":""},"class_list":["post-363","page","type-page","status-publish","hentry"],"_links":{"self":[{"href":"https:\/\/www.cnvl.fr\/index.php?rest_route=\/wp\/v2\/pages\/363","targetHints":{"allow":["GET"]}}],"collection":[{"href":"https:\/\/www.cnvl.fr\/index.php?rest_route=\/wp\/v2\/pages"}],"about":[{"href":"https:\/\/www.cnvl.fr\/index.php?rest_route=\/wp\/v2\/types\/page"}],"author":[{"embeddable":true,"href":"https:\/\/www.cnvl.fr\/index.php?rest_route=\/wp\/v2\/users\/1"}],"replies":[{"embeddable":true,"href":"https:\/\/www.cnvl.fr\/index.php?rest_route=%2Fwp%2Fv2%2Fcomments&post=363"}],"version-history":[{"count":0,"href":"https:\/\/www.cnvl.fr\/index.php?rest_route=\/wp\/v2\/pages\/363\/revisions"}],"wp:attachment":[{"href":"https:\/\/www.cnvl.fr\/index.php?rest_route=%2Fwp%2Fv2%2Fmedia&parent=363"}],"curies":[{"name":"wp","href":"https:\/\/api.w.org\/{rel}","templated":true}]}}