{"id":511,"date":"2019-10-17T22:41:03","date_gmt":"2019-10-17T20:41:03","guid":{"rendered":"https:\/\/www.cnvl.fr\/?page_id=511"},"modified":"2024-08-07T23:04:59","modified_gmt":"2024-08-07T21:04:59","slug":"calendrier-sportif","status":"publish","type":"page","link":"https:\/\/www.cnvl.fr\/?page_id=511","title":{"rendered":"Calendrier sportif de la section natation sportive"},"content":{"rendered":"\n<figure class=\"wp-block-image alignright size-full is-resized\"><img loading=\"lazy\" decoding=\"async\" width=\"800\" height=\"500\" src=\"https:\/\/cnvl.fr\/wp-content\/uploads\/2024\/08\/start_2019.jpg\" alt=\"\" class=\"wp-image-756\" style=\"width:449px;height:281px\" srcset=\"https:\/\/www.cnvl.fr\/wp-content\/uploads\/2024\/08\/start_2019.jpg 800w, https:\/\/www.cnvl.fr\/wp-content\/uploads\/2024\/08\/start_2019-300x188.jpg 300w, https:\/\/www.cnvl.fr\/wp-content\/uploads\/2024\/08\/start_2019-768x480.jpg 768w\" sizes=\"auto, (max-width: 800px) 100vw, 800px\" \/><\/figure>\n\n\n\n<p>Cette page pr\u00e9sentes les objectifs sportifs de l&rsquo;ann\u00e9e pour les diff\u00e9rents groupes comp\u00e9tition du CNVL. Les dates pour le challenge interne et le meeting de Blagnac sont encore \u00e0 confirmer. Le calendrier master est en cours de construction.<\/p>\n\n\n\n<p class=\"has-text-align-center has-medium-font-size\"><strong>Les Interclubs toutes cat\u00e9gories sont ouverts \u00e0 tous les membres licenci\u00e9s FFN du CNVL et se tiendront le 10 novembre 2019 \u00e0 colomiers<\/strong><\/p>\n\n\n\n[table id=1 \/]\n\n\n\n[table id=2 \/]\n","protected":false},"excerpt":{"rendered":"<p>Cette page pr\u00e9sentes les objectifs sportifs de l&rsquo;ann\u00e9e pour les diff\u00e9rents groupes comp\u00e9tition du CNVL. Les dates pour le challenge [&hellip;]<\/p>\n","protected":false},"author":1,"featured_media":0,"parent":91,"menu_order":0,"comment_status":"closed","ping_status":"closed","template":"","meta":{"site-sidebar-layout":"default","site-content-layout":"default","ast-site-content-layout":"","site-content-style":"default","site-sidebar-style":"default","ast-global-header-display":"","ast-banner-title-visibility":"","ast-main-header-display":"","ast-hfb-above-header-display":"","ast-hfb-below-header-display":"","ast-hfb-mobile-header-display":"","site-post-title":"","ast-breadcrumbs-content":"","ast-featured-img":"","footer-sml-layout":"","theme-transparent-header-meta":"default","adv-header-id-meta":"","stick-header-meta":"","header-above-stick-meta":"","header-main-stick-meta":"","header-below-stick-meta":"","astra-migrate-meta-layouts":"default","ast-page-background-enabled":"default","ast-page-background-meta":{"desktop":{"background-color":"var(--ast-global-color-4)","background-image":"","background-repeat":"repeat","background-position":"center center","background-size":"auto","background-attachment":"scroll","background-type":"","background-media":"","overlay-type":"","overlay-color":"","overlay-opacity":"","overlay-gradient":""},"tablet":{"background-color":"","background-image":"","background-repeat":"repeat","background-position":"center center","background-size":"auto","background-attachment":"scroll","background-type":"","background-media":"","overlay-type":"","overlay-color":"","overlay-opacity":"","overlay-gradient":""},"mobile":{"background-color":"","background-image":"","background-repeat":"repeat","background-position":"center center","background-size":"auto","background-attachment":"scroll","background-type":"","background-media":"","overlay-type":"","overlay-color":"","overlay-opacity":"","overlay-gradient":""}},"ast-content-background-meta":{"desktop":{"background-color":"var(--ast-global-color-5)","background-image":"","background-repeat":"repeat","background-position":"center center","background-size":"auto","background-attachment":"scroll","background-type":"","background-media":"","overlay-type":"","overlay-color":"","overlay-opacity":"","overlay-gradient":""},"tablet":{"background-color":"var(--ast-global-color-5)","background-image":"","background-repeat":"repeat","background-position":"center center","background-size":"auto","background-attachment":"scroll","background-type":"","background-media":"","overlay-type":"","overlay-color":"","overlay-opacity":"","overlay-gradient":""},"mobile":{"background-color":"var(--ast-global-color-5)","background-image":"","background-repeat":"repeat","background-position":"center center","background-size":"auto","background-attachment":"scroll","background-type":"","background-media":"","overlay-type":"","overlay-color":"","overlay-opacity":"","overlay-gradient":""}},"footnotes":""},"class_list":["post-511","page","type-page","status-publish","hentry"],"_links":{"self":[{"href":"https:\/\/www.cnvl.fr\/index.php?rest_route=\/wp\/v2\/pages\/511","targetHints":{"allow":["GET"]}}],"collection":[{"href":"https:\/\/www.cnvl.fr\/index.php?rest_route=\/wp\/v2\/pages"}],"about":[{"href":"https:\/\/www.cnvl.fr\/index.php?rest_route=\/wp\/v2\/types\/page"}],"author":[{"embeddable":true,"href":"https:\/\/www.cnvl.fr\/index.php?rest_route=\/wp\/v2\/users\/1"}],"replies":[{"embeddable":true,"href":"https:\/\/www.cnvl.fr\/index.php?rest_route=%2Fwp%2Fv2%2Fcomments&post=511"}],"version-history":[{"count":2,"href":"https:\/\/www.cnvl.fr\/index.php?rest_route=\/wp\/v2\/pages\/511\/revisions"}],"predecessor-version":[{"id":758,"href":"https:\/\/www.cnvl.fr\/index.php?rest_route=\/wp\/v2\/pages\/511\/revisions\/758"}],"up":[{"embeddable":true,"href":"https:\/\/www.cnvl.fr\/index.php?rest_route=\/wp\/v2\/pages\/91"}],"wp:attachment":[{"href":"https:\/\/www.cnvl.fr\/index.php?rest_route=%2Fwp%2Fv2%2Fmedia&parent=511"}],"curies":[{"name":"wp","href":"https:\/\/api.w.org\/{rel}","templated":true}]}}